{"id":13769,"date":"2025-12-09T17:32:40","date_gmt":"2025-12-09T14:32:40","guid":{"rendered":"https:\/\/nayrajewelry.com\/?post_type=product&#038;p=13769"},"modified":"2026-03-09T16:40:34","modified_gmt":"2026-03-09T13:40:34","slug":"me-myself-necklace-11","status":"publish","type":"product","link":"https:\/\/nayrajewelry.com\/en\/product\/me-myself-necklace-11\/","title":{"rendered":"Me &amp; Myself Necklace"},"content":{"rendered":"","protected":false},"excerpt":{"rendered":"<p>It is 925 sterling silver with 18K micron gold plating.<br \/>\nIt is crafted with handmade artistry.<\/p>","protected":false},"featured_media":13770,"template":"","meta":[],"product_brand":[],"product_cat":[108,125,140],"product_tag":[],"class_list":{"0":"post-13769","1":"product","2":"type-product","3":"status-publish","4":"has-post-thumbnail","6":"product_cat-kolye","7":"product_cat-sale","8":"product_cat-uniquely-me","10":"first","11":"instock","12":"shipping-taxable","13":"purchasable","14":"product-type-simple"},"yoast_head":"<!-- This site is optimized with the Yoast SEO plugin v27.3 - https:\/\/yoast.com\/product\/yoast-seo-wordpress\/ -->\n<title>Me &amp; Myself Necklace - Nayra Jewelry<\/title>\n<meta name=\"robots\" content=\"index, follow, max-snippet:-1, max-image-preview:large, max-video-preview:-1\" \/>\n<link rel=\"canonical\" href=\"https:\/\/nayrajewelry.com\/en\/product\/me-myself-necklace-11\/\" \/>\n<meta property=\"og:locale\" content=\"en_US\" \/>\n<meta property=\"og:type\" content=\"article\" \/>\n<meta property=\"og:title\" content=\"Me &amp; Myself Necklace - Nayra Jewelry\" \/>\n<meta property=\"og:description\" content=\"925 ayar g\u00fcm\u00fc\u015f \u00fczeri 18 ayar mikron alt\u0131n kaplamad\u0131r. El i\u015f\u00e7ili\u011fiyle olu\u015fturulmu\u015ftur.\" \/>\n<meta property=\"og:url\" content=\"https:\/\/nayrajewelry.com\/en\/product\/me-myself-necklace-11\/\" \/>\n<meta property=\"og:site_name\" content=\"Nayra Jewelry\" \/>\n<meta property=\"article:modified_time\" content=\"2026-03-09T13:40:34+00:00\" \/>\n<meta property=\"og:image\" content=\"https:\/\/nayrajewelry.com\/wp-content\/uploads\/2025\/12\/NAYRA-4-ARALIK_2d_0011.jpg\" \/>\n\t<meta property=\"og:image:width\" content=\"1500\" \/>\n\t<meta property=\"og:image:height\" content=\"1500\" \/>\n\t<meta property=\"og:image:type\" content=\"image\/jpeg\" \/>\n<meta name=\"twitter:card\" content=\"summary_large_image\" \/>\n<meta name=\"twitter:label1\" content=\"Est. reading time\" \/>\n\t<meta name=\"twitter:data1\" content=\"1 minute\" \/>\n<script type=\"application\/ld+json\" class=\"yoast-schema-graph\">{\"@context\":\"https:\\\/\\\/schema.org\",\"@graph\":[{\"@type\":\"WebPage\",\"@id\":\"https:\\\/\\\/nayrajewelry.com\\\/product\\\/me-myself-necklace-11\\\/\",\"url\":\"https:\\\/\\\/nayrajewelry.com\\\/product\\\/me-myself-necklace-11\\\/\",\"name\":\"Me &amp; Myself Necklace - Nayra Jewelry\",\"isPartOf\":{\"@id\":\"https:\\\/\\\/nayrajewelry.com\\\/#website\"},\"primaryImageOfPage\":{\"@id\":\"https:\\\/\\\/nayrajewelry.com\\\/product\\\/me-myself-necklace-11\\\/#primaryimage\"},\"image\":{\"@id\":\"https:\\\/\\\/nayrajewelry.com\\\/product\\\/me-myself-necklace-11\\\/#primaryimage\"},\"thumbnailUrl\":\"https:\\\/\\\/nayrajewelry.com\\\/wp-content\\\/uploads\\\/2025\\\/12\\\/NAYRA-4-ARALIK_2d_0011.jpg\",\"datePublished\":\"2025-12-09T14:32:40+00:00\",\"dateModified\":\"2026-03-09T13:40:34+00:00\",\"breadcrumb\":{\"@id\":\"https:\\\/\\\/nayrajewelry.com\\\/product\\\/me-myself-necklace-11\\\/#breadcrumb\"},\"inLanguage\":\"en-US\",\"potentialAction\":[{\"@type\":\"ReadAction\",\"target\":[\"https:\\\/\\\/nayrajewelry.com\\\/product\\\/me-myself-necklace-11\\\/\"]}]},{\"@type\":\"ImageObject\",\"inLanguage\":\"en-US\",\"@id\":\"https:\\\/\\\/nayrajewelry.com\\\/product\\\/me-myself-necklace-11\\\/#primaryimage\",\"url\":\"https:\\\/\\\/nayrajewelry.com\\\/wp-content\\\/uploads\\\/2025\\\/12\\\/NAYRA-4-ARALIK_2d_0011.jpg\",\"contentUrl\":\"https:\\\/\\\/nayrajewelry.com\\\/wp-content\\\/uploads\\\/2025\\\/12\\\/NAYRA-4-ARALIK_2d_0011.jpg\",\"width\":1500,\"height\":1500},{\"@type\":\"BreadcrumbList\",\"@id\":\"https:\\\/\\\/nayrajewelry.com\\\/product\\\/me-myself-necklace-11\\\/#breadcrumb\",\"itemListElement\":[{\"@type\":\"ListItem\",\"position\":1,\"name\":\"Anasayfa\",\"item\":\"https:\\\/\\\/nayrajewelry.com\\\/\"},{\"@type\":\"ListItem\",\"position\":2,\"name\":\"Ma\u011faza\",\"item\":\"https:\\\/\\\/nayrajewelry.com\\\/shop\\\/\"},{\"@type\":\"ListItem\",\"position\":3,\"name\":\"Me &amp; Myself Necklace\"}]},{\"@type\":\"WebSite\",\"@id\":\"https:\\\/\\\/nayrajewelry.com\\\/#website\",\"url\":\"https:\\\/\\\/nayrajewelry.com\\\/\",\"name\":\"Nayra Jewelry\",\"description\":\"\",\"publisher\":{\"@id\":\"https:\\\/\\\/nayrajewelry.com\\\/#organization\"},\"potentialAction\":[{\"@type\":\"SearchAction\",\"target\":{\"@type\":\"EntryPoint\",\"urlTemplate\":\"https:\\\/\\\/nayrajewelry.com\\\/?s={search_term_string}\"},\"query-input\":{\"@type\":\"PropertyValueSpecification\",\"valueRequired\":true,\"valueName\":\"search_term_string\"}}],\"inLanguage\":\"en-US\"},{\"@type\":\"Organization\",\"@id\":\"https:\\\/\\\/nayrajewelry.com\\\/#organization\",\"name\":\"Nayra Jewelry\",\"url\":\"https:\\\/\\\/nayrajewelry.com\\\/\",\"logo\":{\"@type\":\"ImageObject\",\"inLanguage\":\"en-US\",\"@id\":\"https:\\\/\\\/nayrajewelry.com\\\/#\\\/schema\\\/logo\\\/image\\\/\",\"url\":\"https:\\\/\\\/nayrajewelry.com\\\/wp-content\\\/uploads\\\/2024\\\/12\\\/nayraN.png\",\"contentUrl\":\"https:\\\/\\\/nayrajewelry.com\\\/wp-content\\\/uploads\\\/2024\\\/12\\\/nayraN.png\",\"width\":400,\"height\":400,\"caption\":\"Nayra Jewelry\"},\"image\":{\"@id\":\"https:\\\/\\\/nayrajewelry.com\\\/#\\\/schema\\\/logo\\\/image\\\/\"},\"sameAs\":[\"https:\\\/\\\/instagram.com\\\/nayrajewelry\\\/\"]}]}<\/script>\n<!-- \/ Yoast SEO plugin. -->","yoast_head_json":{"title":"Me &amp; Myself Necklace - Nayra Jewelry","robots":{"index":"index","follow":"follow","max-snippet":"max-snippet:-1","max-image-preview":"max-image-preview:large","max-video-preview":"max-video-preview:-1"},"canonical":"https:\/\/nayrajewelry.com\/en\/product\/me-myself-necklace-11\/","og_locale":"en_US","og_type":"article","og_title":"Me &amp; Myself Necklace - Nayra Jewelry","og_description":"925 ayar g\u00fcm\u00fc\u015f \u00fczeri 18 ayar mikron alt\u0131n kaplamad\u0131r. El i\u015f\u00e7ili\u011fiyle olu\u015fturulmu\u015ftur.","og_url":"https:\/\/nayrajewelry.com\/en\/product\/me-myself-necklace-11\/","og_site_name":"Nayra Jewelry","article_modified_time":"2026-03-09T13:40:34+00:00","og_image":[{"width":1500,"height":1500,"url":"https:\/\/nayrajewelry.com\/wp-content\/uploads\/2025\/12\/NAYRA-4-ARALIK_2d_0011.jpg","type":"image\/jpeg"}],"twitter_card":"summary_large_image","twitter_misc":{"Est. reading time":"1 minute"},"schema":{"@context":"https:\/\/schema.org","@graph":[{"@type":"WebPage","@id":"https:\/\/nayrajewelry.com\/product\/me-myself-necklace-11\/","url":"https:\/\/nayrajewelry.com\/product\/me-myself-necklace-11\/","name":"Me &amp; Myself Necklace - Nayra Jewelry","isPartOf":{"@id":"https:\/\/nayrajewelry.com\/#website"},"primaryImageOfPage":{"@id":"https:\/\/nayrajewelry.com\/product\/me-myself-necklace-11\/#primaryimage"},"image":{"@id":"https:\/\/nayrajewelry.com\/product\/me-myself-necklace-11\/#primaryimage"},"thumbnailUrl":"https:\/\/nayrajewelry.com\/wp-content\/uploads\/2025\/12\/NAYRA-4-ARALIK_2d_0011.jpg","datePublished":"2025-12-09T14:32:40+00:00","dateModified":"2026-03-09T13:40:34+00:00","breadcrumb":{"@id":"https:\/\/nayrajewelry.com\/product\/me-myself-necklace-11\/#breadcrumb"},"inLanguage":"en-US","potentialAction":[{"@type":"ReadAction","target":["https:\/\/nayrajewelry.com\/product\/me-myself-necklace-11\/"]}]},{"@type":"ImageObject","inLanguage":"en-US","@id":"https:\/\/nayrajewelry.com\/product\/me-myself-necklace-11\/#primaryimage","url":"https:\/\/nayrajewelry.com\/wp-content\/uploads\/2025\/12\/NAYRA-4-ARALIK_2d_0011.jpg","contentUrl":"https:\/\/nayrajewelry.com\/wp-content\/uploads\/2025\/12\/NAYRA-4-ARALIK_2d_0011.jpg","width":1500,"height":1500},{"@type":"BreadcrumbList","@id":"https:\/\/nayrajewelry.com\/product\/me-myself-necklace-11\/#breadcrumb","itemListElement":[{"@type":"ListItem","position":1,"name":"Anasayfa","item":"https:\/\/nayrajewelry.com\/"},{"@type":"ListItem","position":2,"name":"Ma\u011faza","item":"https:\/\/nayrajewelry.com\/shop\/"},{"@type":"ListItem","position":3,"name":"Me &amp; Myself Necklace"}]},{"@type":"WebSite","@id":"https:\/\/nayrajewelry.com\/#website","url":"https:\/\/nayrajewelry.com\/","name":"Nayra Jewelry","description":"","publisher":{"@id":"https:\/\/nayrajewelry.com\/#organization"},"potentialAction":[{"@type":"SearchAction","target":{"@type":"EntryPoint","urlTemplate":"https:\/\/nayrajewelry.com\/?s={search_term_string}"},"query-input":{"@type":"PropertyValueSpecification","valueRequired":true,"valueName":"search_term_string"}}],"inLanguage":"en-US"},{"@type":"Organization","@id":"https:\/\/nayrajewelry.com\/#organization","name":"Nayra Jewelry","url":"https:\/\/nayrajewelry.com\/","logo":{"@type":"ImageObject","inLanguage":"en-US","@id":"https:\/\/nayrajewelry.com\/#\/schema\/logo\/image\/","url":"https:\/\/nayrajewelry.com\/wp-content\/uploads\/2024\/12\/nayraN.png","contentUrl":"https:\/\/nayrajewelry.com\/wp-content\/uploads\/2024\/12\/nayraN.png","width":400,"height":400,"caption":"Nayra Jewelry"},"image":{"@id":"https:\/\/nayrajewelry.com\/#\/schema\/logo\/image\/"},"sameAs":["https:\/\/instagram.com\/nayrajewelry\/"]}]}},"_links":{"self":[{"href":"https:\/\/nayrajewelry.com\/en\/wp-json\/wp\/v2\/product\/13769","targetHints":{"allow":["GET"]}}],"collection":[{"href":"https:\/\/nayrajewelry.com\/en\/wp-json\/wp\/v2\/product"}],"about":[{"href":"https:\/\/nayrajewelry.com\/en\/wp-json\/wp\/v2\/types\/product"}],"wp:featuredmedia":[{"embeddable":true,"href":"https:\/\/nayrajewelry.com\/en\/wp-json\/wp\/v2\/media\/13770"}],"wp:attachment":[{"href":"https:\/\/nayrajewelry.com\/en\/wp-json\/wp\/v2\/media?parent=13769"}],"wp:term":[{"taxonomy":"product_brand","embeddable":true,"href":"https:\/\/nayrajewelry.com\/en\/wp-json\/wp\/v2\/product_brand?post=13769"},{"taxonomy":"product_cat","embeddable":true,"href":"https:\/\/nayrajewelry.com\/en\/wp-json\/wp\/v2\/product_cat?post=13769"},{"taxonomy":"product_tag","embeddable":true,"href":"https:\/\/nayrajewelry.com\/en\/wp-json\/wp\/v2\/product_tag?post=13769"}],"curies":[{"name":"wp","href":"https:\/\/api.w.org\/{rel}","templated":true}]}}