{"id":13038,"date":"2024-12-03T20:55:42","date_gmt":"2024-12-03T20:55:42","guid":{"rendered":"https:\/\/nayrajewelry.com\/product\/rose-gold-diamond-shaped-ring\/"},"modified":"2026-03-11T17:42:00","modified_gmt":"2026-03-11T14:42:00","slug":"rose-gold-diamond-shaped-ring","status":"publish","type":"product","link":"https:\/\/nayrajewelry.com\/en\/product\/rose-gold-diamond-shaped-ring\/","title":{"rendered":"Rose Gold Diamond Shaped Ring"},"content":{"rendered":"<p><strong>925 ayar g\u00fcm\u00fc\u015f \u00fczeri 18 ayar mikron rose alt\u0131n kaplama (oksitlenmeye ve \u00e7izilmeyi \u00f6nleyen \u015feffaf\u00a0koruma)<\/strong><\/p>\n<p>&nbsp;<\/p>\n<p class=\"translation-block\">Please store your products in the <strong>original jewelry pouch or box<\/strong> provided with your order.<\/p>\n<p>&nbsp;<\/p>\n<p class=\"translation-block\">To keep your jewelry as vibrant as the first day, keep it away from <strong>cosmetics, perfumes, or hygiene products<\/strong>.<\/p>\n<p>&nbsp;<\/p>\n<p>Remove your jewelry while swimming or showering.<\/p>\n<p>&nbsp;<\/p>\n<p class=\"translation-block\">Our jewelry is made from precious silver and is plated with 18K gold. However, if you experience tarnishing or discoloration, please contact us at <strong>info@nayrajewelry.com<\/strong> with your contact details and a photo of the product. We are always here to assist you.<\/p>","protected":false},"excerpt":{"rendered":"<p>925 sterling silver with 18K rose gold plating (transparent coating to prevent tarnishing and scratching).<\/p>\n<p>Beyaz\u00a0zircon ta\u015f kullan\u0131lm\u0131\u015ft\u0131r.<\/p>\n<p>We have two ring sizes available: S\/M (size 13) and M\/L (size 15).<\/p>\n<p class=\"translation-block\">If you require a custom ring size, you can contact us via email at info@nayrajewelry.com. Please note that for designs with custom ring sizes, <strong>exchanges and returns are not accepted<\/strong>.<\/p>","protected":false},"featured_media":12856,"template":"","meta":[],"product_brand":[],"product_cat":[118,104],"product_tag":[],"class_list":{"0":"post-13038","1":"product","2":"type-product","3":"status-publish","4":"has-post-thumbnail","6":"product_cat-essential","7":"product_cat-yuzuk","9":"first","10":"instock","11":"shipping-taxable","12":"purchasable","13":"product-type-variable"},"yoast_head":"<!-- This site is optimized with the Yoast SEO plugin v27.3 - https:\/\/yoast.com\/product\/yoast-seo-wordpress\/ -->\n<title>Rose Gold Diamond Shaped Ring - Nayra Jewelry<\/title>\n<meta name=\"robots\" content=\"index, follow, max-snippet:-1, max-image-preview:large, max-video-preview:-1\" \/>\n<link rel=\"canonical\" href=\"https:\/\/nayrajewelry.com\/en\/product\/rose-gold-diamond-shaped-ring\/\" \/>\n<meta property=\"og:locale\" content=\"en_US\" \/>\n<meta property=\"og:type\" content=\"article\" \/>\n<meta property=\"og:title\" content=\"Rose Gold Diamond Shaped Ring - Nayra Jewelry\" \/>\n<meta property=\"og:description\" content=\"925 ayar g\u00fcm\u00fc\u015f \u00fczeri 18 ayar rose alt\u0131n kaplama (kararmay\u0131\u00a0ve \u00e7izilmeyi \u00f6nleyen \u015feffaf\u00a0koruma)  Beyaz\u00a0zircon ta\u015f kullan\u0131lm\u0131\u015ft\u0131r.  S\/M (13 numara) , M\/L (15 numara) olarak iki y\u00fcz\u00fck \u00f6l\u00e7\u00fcm\u00fcz mevcuttur.  Ki\u015fiye \u00f6zel y\u00fcz\u00fck \u00f6l\u00e7\u00fcs\u00fc istiyorsan\u0131z, info@nayrajewelry.com mail adresi \u00fczerinden bizlere ula\u015fabilirsiniz. \u00d6zel y\u00fcz\u00fck \u00f6l\u00e7\u00fcs\u00fc bulunan tasar\u0131mlar\u0131m\u0131zda de\u011fi\u015fim ve iade kabul edilmemektedir.\" \/>\n<meta property=\"og:url\" content=\"https:\/\/nayrajewelry.com\/en\/product\/rose-gold-diamond-shaped-ring\/\" \/>\n<meta property=\"og:site_name\" content=\"Nayra Jewelry\" \/>\n<meta property=\"article:modified_time\" content=\"2026-03-11T14:42:00+00:00\" \/>\n<meta property=\"og:image\" content=\"https:\/\/nayrajewelry.com\/wp-content\/uploads\/2024\/12\/833934_2d4b7d534cae48529827dce0c5657284mv2.jpg\" \/>\n\t<meta property=\"og:image:width\" content=\"1040\" \/>\n\t<meta property=\"og:image:height\" content=\"840\" \/>\n\t<meta property=\"og:image:type\" content=\"image\/jpeg\" \/>\n<meta name=\"twitter:card\" content=\"summary_large_image\" \/>\n<meta name=\"twitter:label1\" content=\"Est. reading time\" \/>\n\t<meta name=\"twitter:data1\" content=\"1 minute\" \/>\n<script type=\"application\/ld+json\" class=\"yoast-schema-graph\">{\"@context\":\"https:\\\/\\\/schema.org\",\"@graph\":[{\"@type\":\"WebPage\",\"@id\":\"https:\\\/\\\/nayrajewelry.com\\\/product\\\/rose-gold-diamond-shaped-ring\\\/\",\"url\":\"https:\\\/\\\/nayrajewelry.com\\\/product\\\/rose-gold-diamond-shaped-ring\\\/\",\"name\":\"Rose Gold Diamond Shaped Ring - Nayra Jewelry\",\"isPartOf\":{\"@id\":\"https:\\\/\\\/nayrajewelry.com\\\/#website\"},\"primaryImageOfPage\":{\"@id\":\"https:\\\/\\\/nayrajewelry.com\\\/product\\\/rose-gold-diamond-shaped-ring\\\/#primaryimage\"},\"image\":{\"@id\":\"https:\\\/\\\/nayrajewelry.com\\\/product\\\/rose-gold-diamond-shaped-ring\\\/#primaryimage\"},\"thumbnailUrl\":\"https:\\\/\\\/nayrajewelry.com\\\/wp-content\\\/uploads\\\/2024\\\/12\\\/833934_2d4b7d534cae48529827dce0c5657284mv2.jpg\",\"datePublished\":\"2024-12-03T20:55:42+00:00\",\"dateModified\":\"2026-03-11T14:42:00+00:00\",\"breadcrumb\":{\"@id\":\"https:\\\/\\\/nayrajewelry.com\\\/product\\\/rose-gold-diamond-shaped-ring\\\/#breadcrumb\"},\"inLanguage\":\"en-US\",\"potentialAction\":[{\"@type\":\"ReadAction\",\"target\":[\"https:\\\/\\\/nayrajewelry.com\\\/product\\\/rose-gold-diamond-shaped-ring\\\/\"]}]},{\"@type\":\"ImageObject\",\"inLanguage\":\"en-US\",\"@id\":\"https:\\\/\\\/nayrajewelry.com\\\/product\\\/rose-gold-diamond-shaped-ring\\\/#primaryimage\",\"url\":\"https:\\\/\\\/nayrajewelry.com\\\/wp-content\\\/uploads\\\/2024\\\/12\\\/833934_2d4b7d534cae48529827dce0c5657284mv2.jpg\",\"contentUrl\":\"https:\\\/\\\/nayrajewelry.com\\\/wp-content\\\/uploads\\\/2024\\\/12\\\/833934_2d4b7d534cae48529827dce0c5657284mv2.jpg\",\"width\":1040,\"height\":840},{\"@type\":\"BreadcrumbList\",\"@id\":\"https:\\\/\\\/nayrajewelry.com\\\/product\\\/rose-gold-diamond-shaped-ring\\\/#breadcrumb\",\"itemListElement\":[{\"@type\":\"ListItem\",\"position\":1,\"name\":\"Anasayfa\",\"item\":\"https:\\\/\\\/nayrajewelry.com\\\/\"},{\"@type\":\"ListItem\",\"position\":2,\"name\":\"Ma\u011faza\",\"item\":\"https:\\\/\\\/nayrajewelry.com\\\/shop\\\/\"},{\"@type\":\"ListItem\",\"position\":3,\"name\":\"Rose Gold Diamond Shaped Ring\"}]},{\"@type\":\"WebSite\",\"@id\":\"https:\\\/\\\/nayrajewelry.com\\\/#website\",\"url\":\"https:\\\/\\\/nayrajewelry.com\\\/\",\"name\":\"Nayra Jewelry\",\"description\":\"\",\"publisher\":{\"@id\":\"https:\\\/\\\/nayrajewelry.com\\\/#organization\"},\"potentialAction\":[{\"@type\":\"SearchAction\",\"target\":{\"@type\":\"EntryPoint\",\"urlTemplate\":\"https:\\\/\\\/nayrajewelry.com\\\/?s={search_term_string}\"},\"query-input\":{\"@type\":\"PropertyValueSpecification\",\"valueRequired\":true,\"valueName\":\"search_term_string\"}}],\"inLanguage\":\"en-US\"},{\"@type\":\"Organization\",\"@id\":\"https:\\\/\\\/nayrajewelry.com\\\/#organization\",\"name\":\"Nayra Jewelry\",\"url\":\"https:\\\/\\\/nayrajewelry.com\\\/\",\"logo\":{\"@type\":\"ImageObject\",\"inLanguage\":\"en-US\",\"@id\":\"https:\\\/\\\/nayrajewelry.com\\\/#\\\/schema\\\/logo\\\/image\\\/\",\"url\":\"https:\\\/\\\/nayrajewelry.com\\\/wp-content\\\/uploads\\\/2024\\\/12\\\/nayraN.png\",\"contentUrl\":\"https:\\\/\\\/nayrajewelry.com\\\/wp-content\\\/uploads\\\/2024\\\/12\\\/nayraN.png\",\"width\":400,\"height\":400,\"caption\":\"Nayra Jewelry\"},\"image\":{\"@id\":\"https:\\\/\\\/nayrajewelry.com\\\/#\\\/schema\\\/logo\\\/image\\\/\"},\"sameAs\":[\"https:\\\/\\\/instagram.com\\\/nayrajewelry\\\/\"]}]}<\/script>\n<!-- \/ Yoast SEO plugin. -->","yoast_head_json":{"title":"Rose Gold Diamond Shaped Ring - Nayra Jewelry","robots":{"index":"index","follow":"follow","max-snippet":"max-snippet:-1","max-image-preview":"max-image-preview:large","max-video-preview":"max-video-preview:-1"},"canonical":"https:\/\/nayrajewelry.com\/en\/product\/rose-gold-diamond-shaped-ring\/","og_locale":"en_US","og_type":"article","og_title":"Rose Gold Diamond Shaped Ring - Nayra Jewelry","og_description":"925 ayar g\u00fcm\u00fc\u015f \u00fczeri 18 ayar rose alt\u0131n kaplama (kararmay\u0131\u00a0ve \u00e7izilmeyi \u00f6nleyen \u015feffaf\u00a0koruma)  Beyaz\u00a0zircon ta\u015f kullan\u0131lm\u0131\u015ft\u0131r.  S\/M (13 numara) , M\/L (15 numara) olarak iki y\u00fcz\u00fck \u00f6l\u00e7\u00fcm\u00fcz mevcuttur.  Ki\u015fiye \u00f6zel y\u00fcz\u00fck \u00f6l\u00e7\u00fcs\u00fc istiyorsan\u0131z, info@nayrajewelry.com mail adresi \u00fczerinden bizlere ula\u015fabilirsiniz. \u00d6zel y\u00fcz\u00fck \u00f6l\u00e7\u00fcs\u00fc bulunan tasar\u0131mlar\u0131m\u0131zda de\u011fi\u015fim ve iade kabul edilmemektedir.","og_url":"https:\/\/nayrajewelry.com\/en\/product\/rose-gold-diamond-shaped-ring\/","og_site_name":"Nayra Jewelry","article_modified_time":"2026-03-11T14:42:00+00:00","og_image":[{"width":1040,"height":840,"url":"https:\/\/nayrajewelry.com\/wp-content\/uploads\/2024\/12\/833934_2d4b7d534cae48529827dce0c5657284mv2.jpg","type":"image\/jpeg"}],"twitter_card":"summary_large_image","twitter_misc":{"Est. reading time":"1 minute"},"schema":{"@context":"https:\/\/schema.org","@graph":[{"@type":"WebPage","@id":"https:\/\/nayrajewelry.com\/product\/rose-gold-diamond-shaped-ring\/","url":"https:\/\/nayrajewelry.com\/product\/rose-gold-diamond-shaped-ring\/","name":"Rose Gold Diamond Shaped Ring - Nayra Jewelry","isPartOf":{"@id":"https:\/\/nayrajewelry.com\/#website"},"primaryImageOfPage":{"@id":"https:\/\/nayrajewelry.com\/product\/rose-gold-diamond-shaped-ring\/#primaryimage"},"image":{"@id":"https:\/\/nayrajewelry.com\/product\/rose-gold-diamond-shaped-ring\/#primaryimage"},"thumbnailUrl":"https:\/\/nayrajewelry.com\/wp-content\/uploads\/2024\/12\/833934_2d4b7d534cae48529827dce0c5657284mv2.jpg","datePublished":"2024-12-03T20:55:42+00:00","dateModified":"2026-03-11T14:42:00+00:00","breadcrumb":{"@id":"https:\/\/nayrajewelry.com\/product\/rose-gold-diamond-shaped-ring\/#breadcrumb"},"inLanguage":"en-US","potentialAction":[{"@type":"ReadAction","target":["https:\/\/nayrajewelry.com\/product\/rose-gold-diamond-shaped-ring\/"]}]},{"@type":"ImageObject","inLanguage":"en-US","@id":"https:\/\/nayrajewelry.com\/product\/rose-gold-diamond-shaped-ring\/#primaryimage","url":"https:\/\/nayrajewelry.com\/wp-content\/uploads\/2024\/12\/833934_2d4b7d534cae48529827dce0c5657284mv2.jpg","contentUrl":"https:\/\/nayrajewelry.com\/wp-content\/uploads\/2024\/12\/833934_2d4b7d534cae48529827dce0c5657284mv2.jpg","width":1040,"height":840},{"@type":"BreadcrumbList","@id":"https:\/\/nayrajewelry.com\/product\/rose-gold-diamond-shaped-ring\/#breadcrumb","itemListElement":[{"@type":"ListItem","position":1,"name":"Anasayfa","item":"https:\/\/nayrajewelry.com\/"},{"@type":"ListItem","position":2,"name":"Ma\u011faza","item":"https:\/\/nayrajewelry.com\/shop\/"},{"@type":"ListItem","position":3,"name":"Rose Gold Diamond Shaped Ring"}]},{"@type":"WebSite","@id":"https:\/\/nayrajewelry.com\/#website","url":"https:\/\/nayrajewelry.com\/","name":"Nayra Jewelry","description":"","publisher":{"@id":"https:\/\/nayrajewelry.com\/#organization"},"potentialAction":[{"@type":"SearchAction","target":{"@type":"EntryPoint","urlTemplate":"https:\/\/nayrajewelry.com\/?s={search_term_string}"},"query-input":{"@type":"PropertyValueSpecification","valueRequired":true,"valueName":"search_term_string"}}],"inLanguage":"en-US"},{"@type":"Organization","@id":"https:\/\/nayrajewelry.com\/#organization","name":"Nayra Jewelry","url":"https:\/\/nayrajewelry.com\/","logo":{"@type":"ImageObject","inLanguage":"en-US","@id":"https:\/\/nayrajewelry.com\/#\/schema\/logo\/image\/","url":"https:\/\/nayrajewelry.com\/wp-content\/uploads\/2024\/12\/nayraN.png","contentUrl":"https:\/\/nayrajewelry.com\/wp-content\/uploads\/2024\/12\/nayraN.png","width":400,"height":400,"caption":"Nayra Jewelry"},"image":{"@id":"https:\/\/nayrajewelry.com\/#\/schema\/logo\/image\/"},"sameAs":["https:\/\/instagram.com\/nayrajewelry\/"]}]}},"_links":{"self":[{"href":"https:\/\/nayrajewelry.com\/en\/wp-json\/wp\/v2\/product\/13038","targetHints":{"allow":["GET"]}}],"collection":[{"href":"https:\/\/nayrajewelry.com\/en\/wp-json\/wp\/v2\/product"}],"about":[{"href":"https:\/\/nayrajewelry.com\/en\/wp-json\/wp\/v2\/types\/product"}],"wp:featuredmedia":[{"embeddable":true,"href":"https:\/\/nayrajewelry.com\/en\/wp-json\/wp\/v2\/media\/12856"}],"wp:attachment":[{"href":"https:\/\/nayrajewelry.com\/en\/wp-json\/wp\/v2\/media?parent=13038"}],"wp:term":[{"taxonomy":"product_brand","embeddable":true,"href":"https:\/\/nayrajewelry.com\/en\/wp-json\/wp\/v2\/product_brand?post=13038"},{"taxonomy":"product_cat","embeddable":true,"href":"https:\/\/nayrajewelry.com\/en\/wp-json\/wp\/v2\/product_cat?post=13038"},{"taxonomy":"product_tag","embeddable":true,"href":"https:\/\/nayrajewelry.com\/en\/wp-json\/wp\/v2\/product_tag?post=13038"}],"curies":[{"name":"wp","href":"https:\/\/api.w.org\/{rel}","templated":true}]}}