{"id":12988,"date":"2024-12-03T20:55:33","date_gmt":"2024-12-03T20:55:33","guid":{"rendered":"https:\/\/nayrajewelry.com\/product\/rocky-man-hand-cuff\/"},"modified":"2025-12-09T16:12:24","modified_gmt":"2025-12-09T13:12:24","slug":"rocky-man-hand-cuff","status":"publish","type":"product","link":"https:\/\/nayrajewelry.com\/en\/product\/rocky-man-hand-cuff\/","title":{"rendered":"Rocky Man Hand Cuff"},"content":{"rendered":"<p class=\"translation-block\">It will be shipped within a maximum of <strong>7 business days<\/strong>.<\/p>\n<p>&nbsp;<\/p>\n<p>You can return the product you purchased and haven\u2019t used within 14 days of receiving it, without providing any reason, by using your unconditional return guarantee.<\/p>\n<p>&nbsp;<\/p>\n<p>You may exchange the product for any other Nayra Jewelry item(s) if you wish.<\/p>\n<p>Returns and exchanges are accepted only if the product is returned in the same condition and quality, along with its original pouch and box, as it was sent.<\/p>\n<p>\u0130ade veya de\u011fi\u015fim i\u015flemlerinin yap\u0131labilmesi i\u00e7in, sipari\u015f numaras\u0131yla birlikte\u00a0info@nayrajewelry.com\u00a0adresine bir e-posta g\u00f6ndermeniz\u00a0gerekmektedir.<\/p>\n<p>The shipping cost for returns and exchanges is the responsibility of the buyer.<\/p>\n<p>Once your return or exchange is approved, the product amount will be refunded to your credit card or bank account, minus the shipping cost.<\/p>\n<p><strong>Wishing you always satisfaction and happiness with our products!\u00a0<\/strong><\/p>","protected":false},"excerpt":{"rendered":"<p><strong>Handmade men's cuff bracelet in 925 sterling silver.<\/strong><\/p>","protected":false},"featured_media":12987,"template":"","meta":[],"product_brand":[],"product_cat":[105,115],"product_tag":[],"class_list":{"0":"post-12988","1":"product","2":"type-product","3":"status-publish","4":"has-post-thumbnail","6":"product_cat-bileklik","7":"product_cat-erkek","9":"first","10":"outofstock","11":"shipping-taxable","12":"purchasable","13":"product-type-simple"},"yoast_head":"<!-- This site is optimized with the Yoast SEO plugin v27.4 - https:\/\/yoast.com\/product\/yoast-seo-wordpress\/ -->\n<title>Rocky Man Hand Cuff - Nayra Jewelry<\/title>\n<meta name=\"robots\" content=\"index, follow, max-snippet:-1, max-image-preview:large, max-video-preview:-1\" \/>\n<link rel=\"canonical\" href=\"https:\/\/nayrajewelry.com\/en\/product\/rocky-man-hand-cuff\/\" \/>\n<meta property=\"og:locale\" content=\"en_US\" \/>\n<meta property=\"og:type\" content=\"article\" \/>\n<meta property=\"og:title\" content=\"Rocky Man Hand Cuff - Nayra Jewelry\" \/>\n<meta property=\"og:description\" content=\"925 ayar g\u00fcm\u00fc\u015f el yap\u0131m\u0131 erkek kelep\u00e7e bileklik.\" \/>\n<meta property=\"og:url\" content=\"https:\/\/nayrajewelry.com\/en\/product\/rocky-man-hand-cuff\/\" \/>\n<meta property=\"og:site_name\" content=\"Nayra Jewelry\" \/>\n<meta property=\"article:modified_time\" content=\"2025-12-09T13:12:24+00:00\" \/>\n<meta property=\"og:image\" content=\"https:\/\/nayrajewelry.com\/wp-content\/uploads\/2024\/12\/833934_60a70d2b94e54bcea80772b53894c3b1mv2.jpg\" \/>\n\t<meta property=\"og:image:width\" content=\"1160\" \/>\n\t<meta property=\"og:image:height\" content=\"840\" \/>\n\t<meta property=\"og:image:type\" content=\"image\/jpeg\" \/>\n<meta name=\"twitter:card\" content=\"summary_large_image\" \/>\n<meta name=\"twitter:label1\" content=\"Est. reading time\" \/>\n\t<meta name=\"twitter:data1\" content=\"1 minute\" \/>\n<script type=\"application\/ld+json\" class=\"yoast-schema-graph\">{\"@context\":\"https:\\\/\\\/schema.org\",\"@graph\":[{\"@type\":\"WebPage\",\"@id\":\"https:\\\/\\\/nayrajewelry.com\\\/product\\\/rocky-man-hand-cuff\\\/\",\"url\":\"https:\\\/\\\/nayrajewelry.com\\\/product\\\/rocky-man-hand-cuff\\\/\",\"name\":\"Rocky Man Hand Cuff - Nayra Jewelry\",\"isPartOf\":{\"@id\":\"https:\\\/\\\/nayrajewelry.com\\\/#website\"},\"primaryImageOfPage\":{\"@id\":\"https:\\\/\\\/nayrajewelry.com\\\/product\\\/rocky-man-hand-cuff\\\/#primaryimage\"},\"image\":{\"@id\":\"https:\\\/\\\/nayrajewelry.com\\\/product\\\/rocky-man-hand-cuff\\\/#primaryimage\"},\"thumbnailUrl\":\"https:\\\/\\\/nayrajewelry.com\\\/wp-content\\\/uploads\\\/2024\\\/12\\\/833934_60a70d2b94e54bcea80772b53894c3b1mv2.jpg\",\"datePublished\":\"2024-12-03T20:55:33+00:00\",\"dateModified\":\"2025-12-09T13:12:24+00:00\",\"breadcrumb\":{\"@id\":\"https:\\\/\\\/nayrajewelry.com\\\/product\\\/rocky-man-hand-cuff\\\/#breadcrumb\"},\"inLanguage\":\"en-US\",\"potentialAction\":[{\"@type\":\"ReadAction\",\"target\":[\"https:\\\/\\\/nayrajewelry.com\\\/product\\\/rocky-man-hand-cuff\\\/\"]}]},{\"@type\":\"ImageObject\",\"inLanguage\":\"en-US\",\"@id\":\"https:\\\/\\\/nayrajewelry.com\\\/product\\\/rocky-man-hand-cuff\\\/#primaryimage\",\"url\":\"https:\\\/\\\/nayrajewelry.com\\\/wp-content\\\/uploads\\\/2024\\\/12\\\/833934_60a70d2b94e54bcea80772b53894c3b1mv2.jpg\",\"contentUrl\":\"https:\\\/\\\/nayrajewelry.com\\\/wp-content\\\/uploads\\\/2024\\\/12\\\/833934_60a70d2b94e54bcea80772b53894c3b1mv2.jpg\",\"width\":1160,\"height\":840},{\"@type\":\"BreadcrumbList\",\"@id\":\"https:\\\/\\\/nayrajewelry.com\\\/product\\\/rocky-man-hand-cuff\\\/#breadcrumb\",\"itemListElement\":[{\"@type\":\"ListItem\",\"position\":1,\"name\":\"Anasayfa\",\"item\":\"https:\\\/\\\/nayrajewelry.com\\\/\"},{\"@type\":\"ListItem\",\"position\":2,\"name\":\"Ma\u011faza\",\"item\":\"https:\\\/\\\/nayrajewelry.com\\\/shop\\\/\"},{\"@type\":\"ListItem\",\"position\":3,\"name\":\"Rocky Man Hand Cuff\"}]},{\"@type\":\"WebSite\",\"@id\":\"https:\\\/\\\/nayrajewelry.com\\\/#website\",\"url\":\"https:\\\/\\\/nayrajewelry.com\\\/\",\"name\":\"Nayra Jewelry\",\"description\":\"\",\"publisher\":{\"@id\":\"https:\\\/\\\/nayrajewelry.com\\\/#organization\"},\"potentialAction\":[{\"@type\":\"SearchAction\",\"target\":{\"@type\":\"EntryPoint\",\"urlTemplate\":\"https:\\\/\\\/nayrajewelry.com\\\/?s={search_term_string}\"},\"query-input\":{\"@type\":\"PropertyValueSpecification\",\"valueRequired\":true,\"valueName\":\"search_term_string\"}}],\"inLanguage\":\"en-US\"},{\"@type\":\"Organization\",\"@id\":\"https:\\\/\\\/nayrajewelry.com\\\/#organization\",\"name\":\"Nayra Jewelry\",\"url\":\"https:\\\/\\\/nayrajewelry.com\\\/\",\"logo\":{\"@type\":\"ImageObject\",\"inLanguage\":\"en-US\",\"@id\":\"https:\\\/\\\/nayrajewelry.com\\\/#\\\/schema\\\/logo\\\/image\\\/\",\"url\":\"https:\\\/\\\/nayrajewelry.com\\\/wp-content\\\/uploads\\\/2024\\\/12\\\/nayraN.png\",\"contentUrl\":\"https:\\\/\\\/nayrajewelry.com\\\/wp-content\\\/uploads\\\/2024\\\/12\\\/nayraN.png\",\"width\":400,\"height\":400,\"caption\":\"Nayra Jewelry\"},\"image\":{\"@id\":\"https:\\\/\\\/nayrajewelry.com\\\/#\\\/schema\\\/logo\\\/image\\\/\"},\"sameAs\":[\"https:\\\/\\\/instagram.com\\\/nayrajewelry\\\/\"]}]}<\/script>\n<!-- \/ Yoast SEO plugin. -->","yoast_head_json":{"title":"Rocky Man Hand Cuff - Nayra Jewelry","robots":{"index":"index","follow":"follow","max-snippet":"max-snippet:-1","max-image-preview":"max-image-preview:large","max-video-preview":"max-video-preview:-1"},"canonical":"https:\/\/nayrajewelry.com\/en\/product\/rocky-man-hand-cuff\/","og_locale":"en_US","og_type":"article","og_title":"Rocky Man Hand Cuff - Nayra Jewelry","og_description":"925 ayar g\u00fcm\u00fc\u015f el yap\u0131m\u0131 erkek kelep\u00e7e bileklik.","og_url":"https:\/\/nayrajewelry.com\/en\/product\/rocky-man-hand-cuff\/","og_site_name":"Nayra Jewelry","article_modified_time":"2025-12-09T13:12:24+00:00","og_image":[{"width":1160,"height":840,"url":"https:\/\/nayrajewelry.com\/wp-content\/uploads\/2024\/12\/833934_60a70d2b94e54bcea80772b53894c3b1mv2.jpg","type":"image\/jpeg"}],"twitter_card":"summary_large_image","twitter_misc":{"Est. reading time":"1 minute"},"schema":{"@context":"https:\/\/schema.org","@graph":[{"@type":"WebPage","@id":"https:\/\/nayrajewelry.com\/product\/rocky-man-hand-cuff\/","url":"https:\/\/nayrajewelry.com\/product\/rocky-man-hand-cuff\/","name":"Rocky Man Hand Cuff - Nayra Jewelry","isPartOf":{"@id":"https:\/\/nayrajewelry.com\/#website"},"primaryImageOfPage":{"@id":"https:\/\/nayrajewelry.com\/product\/rocky-man-hand-cuff\/#primaryimage"},"image":{"@id":"https:\/\/nayrajewelry.com\/product\/rocky-man-hand-cuff\/#primaryimage"},"thumbnailUrl":"https:\/\/nayrajewelry.com\/wp-content\/uploads\/2024\/12\/833934_60a70d2b94e54bcea80772b53894c3b1mv2.jpg","datePublished":"2024-12-03T20:55:33+00:00","dateModified":"2025-12-09T13:12:24+00:00","breadcrumb":{"@id":"https:\/\/nayrajewelry.com\/product\/rocky-man-hand-cuff\/#breadcrumb"},"inLanguage":"en-US","potentialAction":[{"@type":"ReadAction","target":["https:\/\/nayrajewelry.com\/product\/rocky-man-hand-cuff\/"]}]},{"@type":"ImageObject","inLanguage":"en-US","@id":"https:\/\/nayrajewelry.com\/product\/rocky-man-hand-cuff\/#primaryimage","url":"https:\/\/nayrajewelry.com\/wp-content\/uploads\/2024\/12\/833934_60a70d2b94e54bcea80772b53894c3b1mv2.jpg","contentUrl":"https:\/\/nayrajewelry.com\/wp-content\/uploads\/2024\/12\/833934_60a70d2b94e54bcea80772b53894c3b1mv2.jpg","width":1160,"height":840},{"@type":"BreadcrumbList","@id":"https:\/\/nayrajewelry.com\/product\/rocky-man-hand-cuff\/#breadcrumb","itemListElement":[{"@type":"ListItem","position":1,"name":"Anasayfa","item":"https:\/\/nayrajewelry.com\/"},{"@type":"ListItem","position":2,"name":"Ma\u011faza","item":"https:\/\/nayrajewelry.com\/shop\/"},{"@type":"ListItem","position":3,"name":"Rocky Man Hand Cuff"}]},{"@type":"WebSite","@id":"https:\/\/nayrajewelry.com\/#website","url":"https:\/\/nayrajewelry.com\/","name":"Nayra Jewelry","description":"","publisher":{"@id":"https:\/\/nayrajewelry.com\/#organization"},"potentialAction":[{"@type":"SearchAction","target":{"@type":"EntryPoint","urlTemplate":"https:\/\/nayrajewelry.com\/?s={search_term_string}"},"query-input":{"@type":"PropertyValueSpecification","valueRequired":true,"valueName":"search_term_string"}}],"inLanguage":"en-US"},{"@type":"Organization","@id":"https:\/\/nayrajewelry.com\/#organization","name":"Nayra Jewelry","url":"https:\/\/nayrajewelry.com\/","logo":{"@type":"ImageObject","inLanguage":"en-US","@id":"https:\/\/nayrajewelry.com\/#\/schema\/logo\/image\/","url":"https:\/\/nayrajewelry.com\/wp-content\/uploads\/2024\/12\/nayraN.png","contentUrl":"https:\/\/nayrajewelry.com\/wp-content\/uploads\/2024\/12\/nayraN.png","width":400,"height":400,"caption":"Nayra Jewelry"},"image":{"@id":"https:\/\/nayrajewelry.com\/#\/schema\/logo\/image\/"},"sameAs":["https:\/\/instagram.com\/nayrajewelry\/"]}]}},"_links":{"self":[{"href":"https:\/\/nayrajewelry.com\/en\/wp-json\/wp\/v2\/product\/12988","targetHints":{"allow":["GET"]}}],"collection":[{"href":"https:\/\/nayrajewelry.com\/en\/wp-json\/wp\/v2\/product"}],"about":[{"href":"https:\/\/nayrajewelry.com\/en\/wp-json\/wp\/v2\/types\/product"}],"wp:featuredmedia":[{"embeddable":true,"href":"https:\/\/nayrajewelry.com\/en\/wp-json\/wp\/v2\/media\/12987"}],"wp:attachment":[{"href":"https:\/\/nayrajewelry.com\/en\/wp-json\/wp\/v2\/media?parent=12988"}],"wp:term":[{"taxonomy":"product_brand","embeddable":true,"href":"https:\/\/nayrajewelry.com\/en\/wp-json\/wp\/v2\/product_brand?post=12988"},{"taxonomy":"product_cat","embeddable":true,"href":"https:\/\/nayrajewelry.com\/en\/wp-json\/wp\/v2\/product_cat?post=12988"},{"taxonomy":"product_tag","embeddable":true,"href":"https:\/\/nayrajewelry.com\/en\/wp-json\/wp\/v2\/product_tag?post=12988"}],"curies":[{"name":"wp","href":"https:\/\/api.w.org\/{rel}","templated":true}]}}