{"id":13281,"date":"2024-12-05T11:42:17","date_gmt":"2024-12-05T11:42:17","guid":{"rendered":"https:\/\/nayrajewelry.com\/?page_id=13281"},"modified":"2024-12-06T12:27:33","modified_gmt":"2024-12-06T12:27:33","slug":"hakkimizda","status":"publish","type":"page","link":"https:\/\/nayrajewelry.com\/en\/hakkimizda\/","title":{"rendered":"About"},"content":{"rendered":"<div class=\"wpb-content-wrapper\"><div data-vc-full-width=\"true\" data-vc-full-width-temp=\"true\" data-vc-full-width-init=\"false\" class=\"vc_row wpb_row vc_row-fluid vc_custom_1733488052706 vc_row-has-fill vc_row-o-full-height vc_row-o-columns-middle vc_row-o-equal-height vc_row-flex wd-rs-6752ecde1f3ce\"><div class=\"wpb_column vc_column_container vc_col-sm-12 text-center wd-rs-67519c079395c\"><div class=\"vc_column-inner\"><div class=\"wpb_wrapper\">\n\t\t<div id=\"wd-67519c23722a1\" class=\"title-wrapper wd-wpb wd-set-mb reset-last-child  wd-rs-67519c23722a1 wd-title-color-white wd-title-style-default text-center  wd-width-enabled wd-title-empty wd-underline-colored\" style=\"--wd-max-width: 60%;\">\n\t\t\t\n\t\t\t<div class=\"liner-continer\">\n\t\t\t\t<h4 class=\"woodmart-title-container title  wd-font-weight- wd-fontsize-xxxl\" ><\/h4>\n\t\t\t\t\t\t\t<\/div>\n\t\t\t\n\t\t\t\t\t\t\t<div class=\"title-after_title reset-last-child  wd-fontsize-s\">Nayra Keskin Demircio\u011flu embarked on a journey to bring her dream of creating her own brand to life, inspired by the valuable experiences she gained across various industries. Combining her academic education and professional expertise with her greatest passion, the art of jewelry, she founded the NAYRA brand.<\/p>\n<p>Over the years, she had the privilege of working alongside the master craftsmen of Istanbul\u2019s historic Grand Bazaar, immersing herself in both traditional craftsmanship and modern design philosophy. This transformative journey reshaped her perspective on jewelry, fostering the belief that it should not only be reserved for special occasions but also be a reflection of personal style in everyday life.<\/p>\n<p>NAYRA's designs come to life in the atelier through meticulous and passionate craftsmanship. Each unique piece is handcrafted by skilled artisans, designed to complement women's style and accompany their personal stories.<\/p>\n<p>With its ever-growing collection, NAYRA invites you to be part of a story that brings elegance into your everyday life.<\/div>\n\t\t\t\n\t\t\t\n\t\t<\/div>\n\t\t\n\t\t<\/div><\/div><\/div><\/div><div class=\"vc_row-full-width vc_clearfix\"><\/div>\n<\/div>","protected":false},"excerpt":{"rendered":"Nayra Keskin Demircio\u011flu, farkl\u0131 sekt\u00f6rlerde edindi\u011fi de\u011ferli deneyimlerin \u0131\u015f\u0131\u011f\u0131nda, kendi markas\u0131n\u0131 yaratma hayalini ger\u00e7e\u011fe d\u00f6n\u00fc\u015ft\u00fcrmek \u00fczere bir yolculu\u011fa \u00e7\u0131kt\u0131. Akademik","protected":false},"author":1,"featured_media":0,"parent":0,"menu_order":0,"comment_status":"closed","ping_status":"closed","template":"","meta":{"footnotes":""},"class_list":["post-13281","page","type-page","status-publish","hentry"],"yoast_head":"<!-- This site is optimized with the Yoast SEO plugin v27.3 - https:\/\/yoast.com\/product\/yoast-seo-wordpress\/ -->\n<title>Hakk\u0131m\u0131zda - Nayra Jewelry<\/title>\n<meta name=\"robots\" content=\"index, follow, max-snippet:-1, max-image-preview:large, max-video-preview:-1\" \/>\n<link rel=\"canonical\" href=\"https:\/\/nayrajewelry.com\/en\/hakkimizda\/\" \/>\n<meta property=\"og:locale\" content=\"en_US\" \/>\n<meta property=\"og:type\" content=\"article\" \/>\n<meta property=\"og:title\" content=\"Hakk\u0131m\u0131zda - Nayra Jewelry\" \/>\n<meta property=\"og:url\" content=\"https:\/\/nayrajewelry.com\/en\/hakkimizda\/\" \/>\n<meta property=\"og:site_name\" content=\"Nayra Jewelry\" \/>\n<meta property=\"article:modified_time\" content=\"2024-12-06T12:27:33+00:00\" \/>\n<meta property=\"og:image\" content=\"https:\/\/nayrajewelry.com\/wp-content\/uploads\/2024\/11\/Nayra-Logo.png\" \/>\n\t<meta property=\"og:image:width\" content=\"1370\" \/>\n\t<meta property=\"og:image:height\" content=\"266\" \/>\n\t<meta property=\"og:image:type\" content=\"image\/png\" \/>\n<meta name=\"twitter:card\" content=\"summary_large_image\" \/>\n<meta name=\"twitter:label1\" content=\"Est. reading time\" \/>\n\t<meta name=\"twitter:data1\" content=\"2 minutes\" \/>\n<script type=\"application\/ld+json\" class=\"yoast-schema-graph\">{\"@context\":\"https:\\\/\\\/schema.org\",\"@graph\":[{\"@type\":\"WebPage\",\"@id\":\"https:\\\/\\\/nayrajewelry.com\\\/hakkimizda\\\/\",\"url\":\"https:\\\/\\\/nayrajewelry.com\\\/hakkimizda\\\/\",\"name\":\"Hakk\u0131m\u0131zda - Nayra Jewelry\",\"isPartOf\":{\"@id\":\"https:\\\/\\\/nayrajewelry.com\\\/#website\"},\"datePublished\":\"2024-12-05T11:42:17+00:00\",\"dateModified\":\"2024-12-06T12:27:33+00:00\",\"breadcrumb\":{\"@id\":\"https:\\\/\\\/nayrajewelry.com\\\/hakkimizda\\\/#breadcrumb\"},\"inLanguage\":\"en-US\",\"potentialAction\":[{\"@type\":\"ReadAction\",\"target\":[\"https:\\\/\\\/nayrajewelry.com\\\/hakkimizda\\\/\"]}]},{\"@type\":\"BreadcrumbList\",\"@id\":\"https:\\\/\\\/nayrajewelry.com\\\/hakkimizda\\\/#breadcrumb\",\"itemListElement\":[{\"@type\":\"ListItem\",\"position\":1,\"name\":\"Anasayfa\",\"item\":\"https:\\\/\\\/nayrajewelry.com\\\/\"},{\"@type\":\"ListItem\",\"position\":2,\"name\":\"Hakk\u0131m\u0131zda\"}]},{\"@type\":\"WebSite\",\"@id\":\"https:\\\/\\\/nayrajewelry.com\\\/#website\",\"url\":\"https:\\\/\\\/nayrajewelry.com\\\/\",\"name\":\"Nayra Jewelry\",\"description\":\"\",\"publisher\":{\"@id\":\"https:\\\/\\\/nayrajewelry.com\\\/#organization\"},\"potentialAction\":[{\"@type\":\"SearchAction\",\"target\":{\"@type\":\"EntryPoint\",\"urlTemplate\":\"https:\\\/\\\/nayrajewelry.com\\\/?s={search_term_string}\"},\"query-input\":{\"@type\":\"PropertyValueSpecification\",\"valueRequired\":true,\"valueName\":\"search_term_string\"}}],\"inLanguage\":\"en-US\"},{\"@type\":\"Organization\",\"@id\":\"https:\\\/\\\/nayrajewelry.com\\\/#organization\",\"name\":\"Nayra Jewelry\",\"url\":\"https:\\\/\\\/nayrajewelry.com\\\/\",\"logo\":{\"@type\":\"ImageObject\",\"inLanguage\":\"en-US\",\"@id\":\"https:\\\/\\\/nayrajewelry.com\\\/#\\\/schema\\\/logo\\\/image\\\/\",\"url\":\"https:\\\/\\\/nayrajewelry.com\\\/wp-content\\\/uploads\\\/2024\\\/12\\\/nayraN.png\",\"contentUrl\":\"https:\\\/\\\/nayrajewelry.com\\\/wp-content\\\/uploads\\\/2024\\\/12\\\/nayraN.png\",\"width\":400,\"height\":400,\"caption\":\"Nayra Jewelry\"},\"image\":{\"@id\":\"https:\\\/\\\/nayrajewelry.com\\\/#\\\/schema\\\/logo\\\/image\\\/\"},\"sameAs\":[\"https:\\\/\\\/instagram.com\\\/nayrajewelry\\\/\"]}]}<\/script>\n<!-- \/ Yoast SEO plugin. -->","yoast_head_json":{"title":"Hakk\u0131m\u0131zda - Nayra Jewelry","robots":{"index":"index","follow":"follow","max-snippet":"max-snippet:-1","max-image-preview":"max-image-preview:large","max-video-preview":"max-video-preview:-1"},"canonical":"https:\/\/nayrajewelry.com\/en\/hakkimizda\/","og_locale":"en_US","og_type":"article","og_title":"Hakk\u0131m\u0131zda - Nayra Jewelry","og_url":"https:\/\/nayrajewelry.com\/en\/hakkimizda\/","og_site_name":"Nayra Jewelry","article_modified_time":"2024-12-06T12:27:33+00:00","og_image":[{"width":1370,"height":266,"url":"https:\/\/nayrajewelry.com\/wp-content\/uploads\/2024\/11\/Nayra-Logo.png","type":"image\/png"}],"twitter_card":"summary_large_image","twitter_misc":{"Est. reading time":"2 minutes"},"schema":{"@context":"https:\/\/schema.org","@graph":[{"@type":"WebPage","@id":"https:\/\/nayrajewelry.com\/hakkimizda\/","url":"https:\/\/nayrajewelry.com\/hakkimizda\/","name":"Hakk\u0131m\u0131zda - Nayra Jewelry","isPartOf":{"@id":"https:\/\/nayrajewelry.com\/#website"},"datePublished":"2024-12-05T11:42:17+00:00","dateModified":"2024-12-06T12:27:33+00:00","breadcrumb":{"@id":"https:\/\/nayrajewelry.com\/hakkimizda\/#breadcrumb"},"inLanguage":"en-US","potentialAction":[{"@type":"ReadAction","target":["https:\/\/nayrajewelry.com\/hakkimizda\/"]}]},{"@type":"BreadcrumbList","@id":"https:\/\/nayrajewelry.com\/hakkimizda\/#breadcrumb","itemListElement":[{"@type":"ListItem","position":1,"name":"Anasayfa","item":"https:\/\/nayrajewelry.com\/"},{"@type":"ListItem","position":2,"name":"Hakk\u0131m\u0131zda"}]},{"@type":"WebSite","@id":"https:\/\/nayrajewelry.com\/#website","url":"https:\/\/nayrajewelry.com\/","name":"Nayra Jewelry","description":"","publisher":{"@id":"https:\/\/nayrajewelry.com\/#organization"},"potentialAction":[{"@type":"SearchAction","target":{"@type":"EntryPoint","urlTemplate":"https:\/\/nayrajewelry.com\/?s={search_term_string}"},"query-input":{"@type":"PropertyValueSpecification","valueRequired":true,"valueName":"search_term_string"}}],"inLanguage":"en-US"},{"@type":"Organization","@id":"https:\/\/nayrajewelry.com\/#organization","name":"Nayra Jewelry","url":"https:\/\/nayrajewelry.com\/","logo":{"@type":"ImageObject","inLanguage":"en-US","@id":"https:\/\/nayrajewelry.com\/#\/schema\/logo\/image\/","url":"https:\/\/nayrajewelry.com\/wp-content\/uploads\/2024\/12\/nayraN.png","contentUrl":"https:\/\/nayrajewelry.com\/wp-content\/uploads\/2024\/12\/nayraN.png","width":400,"height":400,"caption":"Nayra Jewelry"},"image":{"@id":"https:\/\/nayrajewelry.com\/#\/schema\/logo\/image\/"},"sameAs":["https:\/\/instagram.com\/nayrajewelry\/"]}]}},"_links":{"self":[{"href":"https:\/\/nayrajewelry.com\/en\/wp-json\/wp\/v2\/pages\/13281","targetHints":{"allow":["GET"]}}],"collection":[{"href":"https:\/\/nayrajewelry.com\/en\/wp-json\/wp\/v2\/pages"}],"about":[{"href":"https:\/\/nayrajewelry.com\/en\/wp-json\/wp\/v2\/types\/page"}],"author":[{"embeddable":true,"href":"https:\/\/nayrajewelry.com\/en\/wp-json\/wp\/v2\/users\/1"}],"replies":[{"embeddable":true,"href":"https:\/\/nayrajewelry.com\/en\/wp-json\/wp\/v2\/comments?post=13281"}],"version-history":[{"count":14,"href":"https:\/\/nayrajewelry.com\/en\/wp-json\/wp\/v2\/pages\/13281\/revisions"}],"predecessor-version":[{"id":13328,"href":"https:\/\/nayrajewelry.com\/en\/wp-json\/wp\/v2\/pages\/13281\/revisions\/13328"}],"wp:attachment":[{"href":"https:\/\/nayrajewelry.com\/en\/wp-json\/wp\/v2\/media?parent=13281"}],"curies":[{"name":"wp","href":"https:\/\/api.w.org\/{rel}","templated":true}]}}